{"id":146,"date":"2021-11-15T16:29:43","date_gmt":"2021-11-15T15:29:43","guid":{"rendered":"https:\/\/partiliber.nimagodev.com\/main\/?page_id=146"},"modified":"2021-11-15T16:31:20","modified_gmt":"2021-11-15T15:31:20","slug":"lega-822","status":"publish","type":"page","link":"https:\/\/partiliber.nimagodev.com\/main\/lega-822\/","title":{"rendered":"Lega 822"},"content":{"rendered":"<!-- wp:columns -->\n<div class=\"wp-block-columns\"><!-- wp:column {\"width\":\"66.66%\"} -->\n<div class=\"wp-block-column\" style=\"flex-basis:66.66%\"><!-- wp:heading -->\n<h2>Manifesto costitutivo<\/h2>\n<!-- \/wp:heading --><\/div>\n<!-- \/wp:column -->\n\n<!-- wp:column {\"width\":\"33.33%\"} -->\n<div class=\"wp-block-column\" style=\"flex-basis:33.33%\"><!-- wp:buttons -->\n<div class=\"wp-block-buttons\"><!-- wp:button {\"textColor\":\"black\",\"style\":{\"color\":{\"background\":\"#ffcc33\"}}} -->\n<div class=\"wp-block-button\"><a class=\"wp-block-button__link has-black-color has-text-color has-background\" style=\"background-color:#ffcc33\">Scarica PDF<\/a><\/div>\n<!-- \/wp:button --><\/div>\n<!-- \/wp:buttons --><\/div>\n<!-- \/wp:column --><\/div>\n<!-- \/wp:columns -->\n\n<!-- wp:paragraph -->\n<p>MANIFESTO COSTITUTIVO DELLA \u201cLEGA ARTICOLO 822 \u2013 IL DEMANIO APPARTIENE AI CITTADINI\u201d<\/p>\n<!-- \/wp:paragraph -->\n\n<!-- wp:paragraph -->\n<p>\u00c8 arrivato finalmente il momento di rispettare la legge, contabilizzando correttamente il demanio, ossia i beni di cui all\u2019art. 822 c.c., oltre all\u2019etere, in quanto dichiarato demanio dalla Corte Costituzionale con pi\u00f9 sentenze.<br>Dispone infatti l\u2019art. 14 (Conto generale del patrimonio), c. 2, del Decreto Legislativo 7 agosto 1997, n. 2799 (Legge finanziaria Ciampi): \u201cAi fini della loro gestione economica i beni di cui all\u2019art. 822 del Codice civile, fermi restando la natura giuridica e i vincoli cui sono sottoposti dalle vigenti legge, sono valutati in base a criteri economici ed inseriti nel Conto generale del patrimonio dello Stato\u201d.<\/p>\n<!-- \/wp:paragraph -->\n\n<!-- wp:paragraph -->\n<p>Ora, ci\u00f2 avviene attualmente in modo solo simbolico e forfettario, senza alcuna accuratezza analitica, sicch\u00e9 i valori indicati nel conto del patrimonio sono, ci sia consentito dirlo, ridicoli, rispetto al carattere poderoso dei beni di cui all\u2019art. 822 c.c.; oltre all\u2019etere, del quale usufruiscono emittenti radiotelevisive e colossi del web, autentici free rider del demanio, il che contribuisce a spiegare i loro utili iperbolici.<br>In base all\u2019art. 822 c.c., infatti, \u201cAppartengono allo Stato e fanno parte del demanio pubblico il lido del mare, la spiaggia, le rade e i porti; i fiumi, i torrenti, i laghi e le altre acque definite pubbliche dalle leggi in materia; le opere destinate alla difesa nazionale.<\/p>\n<!-- \/wp:paragraph -->\n\n<!-- wp:paragraph -->\n<p>Fanno parimenti parte del demanio pubblico, se appartengono allo Stato, le strade, le autostrade e le strade ferrate; gli aerodromi; gli acquedotti; gli immobili riconosciuti di interesse storico, archeologico e artistico a norma delle leggi in materia; le raccolte dei musei, delle pinacoteche, degli archivi, delle biblioteche; e infine gli altri beni che sono dalla legge assoggettati al regime proprio del demanio pubblico\u201d<br>A tutto ci\u00f2, oltre a dovere aggiungere l\u2019etere, va assommato anche il valore dei grandiosi know how, di cui lo Stato dispone in tutti i settori in cui esprime capacit\u00e0 e potenza in termini di beni immateriali, dei quali sono parte le immani e colossali banche dati in mano dello Stato e di ciascun ente pubblico, nonch\u00e9 il patrimonio indisponibile e disponibile di cui all\u2019art. 826 c.c..<\/p>\n<!-- \/wp:paragraph -->\n\n<!-- wp:paragraph -->\n<p>Si tratta, quindi, di un poderoso capitale naturale e artificiale, fisso e circolante, materiale e immateriale, di valore inestimabile (al quale aggiungere quelle del patrimonio in senso pi\u00f9 lato, ad esempio tutte le infrastrutture, opere pubbliche e simili), che appartiene direttamente ai cittadini.<br>Gi\u00e0 i grandi giuristi bolognesi del medioevo, infatti, ritenevano che questi \u201cbeni della corona\u201d, inalienabili da parte del sovrano, pena la violazione del giuramento di incoronazione, fossero in ultima analisi riconducibili al \u201cpopolo\u201d, anche perch\u00e9, in base alle Sacre Scritture, \u201cDio ha donato la Terra in comune agli uomini\u201d.<br>Venendo a tempi pi\u00f9 vicini a noi, \u00e8 almeno dal XIX secolo che la dottrina costituzionalistica \u00e8 unanime nel ritenere il demanio, in quanto afferente alla sovranit\u00e0, di diretta e immediata propriet\u00e0 del popolo sovrano.<br>Siffatta contabilizzazione non avrebbe certo un valore solo formale.<br>Intanto si tratterebbe di una grande operazione di trasparenza, dato che i cittadini conoscerebbero finalmente il valore delle ricchezze di cui dispongono, laddove evidentemente esistono interessi che premono, come avrebbe detto Amilcare Puviani, per l\u2019occultamento di tali valori economico-finanziari.<br>Inoltre, sarebbe garanzia che eventuali dismissioni avvengano a valore di mercato e non si riducano a svendite, come inevitabilmente avviene quando si cede un bene di cui non si conosce il valore.<br>La contabilizzazione in base a criteri economici, cos\u00ec come previsto dalla legge, consente poi di considerare tali beni come produttivi: di utili, di rendite, di royalties (si pensi agli innumerevoli marchi di cui dispone lo Stato, non riconosciuti come tali), e cos\u00ec via, i quali, a nostro avviso, non devono andare a cadere nel \u201ccalderone\u201d statale, ma, sulla base del principio costituzionale che il demanio \u00e8 dei cittadini, devono andare direttamente ai cittadini, il che consente anche di trovare una copertura finanziaria alle prospettate ipotesi di reddito universale.<br>In definitiva, si tratta di prendere esempio dal modello Alaska, ove un fondo raccoglie gli introiti derivanti dal petrolio, per distribuirli direttamente ai cittadini e non alla burocrazia.<br>Ora, tutto ci\u00f2 assume in prospettiva particolare rilevanza, dato che si parla di realizzazione, a carico della spesa pubblica e del debito pubblico, quindi di denaro dei cittadini, di grandi realizzazioni infrastrutturali, materiali e digitali, e allora sarebbe ottima cosa che anche di tali prospettati interventi vi fosse adeguata indicazione nel Conto generale del patrimonio, di tal che per i cittadini non si tratti solo di una spesa, ma di investimenti in conto capitale, i cui esisti risultino chiaramente dalle scritture contabili.<br>*****<br>E\u2019 evidente come una simile contabilizzazione produrrebbe conseguenze addirittura imprevedibili sull\u2019intera questione della finanza pubblica, imponendo una ridiscussione di materie come il debito, la fiscalit\u00e0, la moneta e, in genere, la possibilit\u00e0 di fare fruttare il patrimonio pubblico a diretto vantaggio della cittadinanza anche attraverso lo sfruttamento dei diritti immateriali e di propriet\u00e0 intellettuale e industriale.<br>Si sono avuti due casi pilota molto indicativi di che cosa potrebbe comportare l\u2019inquadramento corretto di questa problematica: la concessione del logo del \u201cColosseo\u201d alla Tod\u2019s di Della Valle, con diritto di sfruttamento privato a lungo termine e non a vantaggio della collettivit\u00e0; e l\u2019esposto alla Procura Regionale della Corte dei Conti della Lombardia, presentato dall\u2019avv. Fabio Massimo Nicosia e dal consigliere comunale Marco Cappato, per la valorizzazione a vantaggio della cittadinanza milanese dello stadio \u201cGiuseppe Meazza\u201d di San Siro, fonte di utili per privati sotto forma di diritti televisivi di discutibile legittimit\u00e0, diritti di immagine e sponsorizzazioni.<br>Si propongono pertanto le seguenti iniziative:<br>a. Dare vita a un gruppo di lavoro che sia posto nella condizione di studiare e approfondire, le modalit\u00e0 dell\u2019operazione sul piano tecnico- contabile, tenendo conto altres\u00ec delle implicazioni derivanti da eventuali prospettive di federalismo demaniale;<br>b. Premere in sede governativa perch\u00e9 si avvii un processo di effettiva implementazione della normativa al riguardo;<br>c. Prendere contatto con enti regionali e locali perch\u00e9 procedano autonomamente alla contabilizzazione del proprio patrimonio in base ai principi di economicit\u00e0;<br>d. Valutare la possibilit\u00e0 di estendere l\u2019iniziativa di esposti alla Corte dei Conti per danno erariale, simili a quello relativo allo Stadio Meazza di San Siro;<br>e. Avviare un\u2019operazione di verifica del rapporto costi\/benefici della concessione del logo del Colosseo a Diego Della Valle, nella prospettiva dell\u2019eventuale revoca o annullamento d\u2019ufficio della concessione stessa.<br>Al fine di conseguire questi obiettivi estremamente importanti, i sottoscritti decidono di fondare la \u201cLega Articolo 822 \u2013 Il demanio appartiene ai cittadini\u201d, proponendosi di coinvolgere a tale scopo cittadini, persone del mondo della cultura, tecnici del settore contabile, finanziario e dell\u2019estimo, personaggi politici consapevoli.<br>Milano-Roma, 11 luglio 2021<\/p>\n<!-- \/wp:paragraph -->\n\n<!-- wp:paragraph -->\n<p><strong>Cosa \u00e9 \u201clibertario\u201d Geolibertarismo<\/strong><\/p>\n<!-- \/wp:paragraph -->","protected":false},"excerpt":{"rendered":"<p>Manifesto costitutivo Scarica PDF MANIFESTO COSTITUTIVO DELLA \u201cLEGA ARTICOLO 822 \u2013 IL DEMANIO APPARTIENE AI CITTADINI\u201d \u00c8 arrivato finalmente il momento di rispettare la legge, contabilizzando correttamente il demanio, ossia i beni di cui all\u2019art. 822 c.c., oltre all\u2019etere, in quanto dichiarato demanio dalla Corte Costituzionale con pi\u00f9 sentenze.Dispone infatti l\u2019art. 14 (Conto generale del [&hellip;]<\/p>\n","protected":false},"author":1,"featured_media":0,"parent":0,"menu_order":0,"comment_status":"closed","ping_status":"closed","template":"","meta":[],"_links":{"self":[{"href":"https:\/\/partiliber.nimagodev.com\/main\/wp-json\/wp\/v2\/pages\/146"}],"collection":[{"href":"https:\/\/partiliber.nimagodev.com\/main\/wp-json\/wp\/v2\/pages"}],"about":[{"href":"https:\/\/partiliber.nimagodev.com\/main\/wp-json\/wp\/v2\/types\/page"}],"author":[{"embeddable":true,"href":"https:\/\/partiliber.nimagodev.com\/main\/wp-json\/wp\/v2\/users\/1"}],"replies":[{"embeddable":true,"href":"https:\/\/partiliber.nimagodev.com\/main\/wp-json\/wp\/v2\/comments?post=146"}],"version-history":[{"count":3,"href":"https:\/\/partiliber.nimagodev.com\/main\/wp-json\/wp\/v2\/pages\/146\/revisions"}],"predecessor-version":[{"id":149,"href":"https:\/\/partiliber.nimagodev.com\/main\/wp-json\/wp\/v2\/pages\/146\/revisions\/149"}],"wp:attachment":[{"href":"https:\/\/partiliber.nimagodev.com\/main\/wp-json\/wp\/v2\/media?parent=146"}],"curies":[{"name":"wp","href":"https:\/\/api.w.org\/{rel}","templated":true}]}}